{"id":1766,"date":"2021-02-26T14:28:37","date_gmt":"2021-02-26T07:28:37","guid":{"rendered":"https:\/\/dbm.com.vn\/product\/uncategorized\/pge300-atm-to-medium-vacuum-gauge\/"},"modified":"2021-06-01T14:20:29","modified_gmt":"2021-06-01T07:20:29","slug":"pge300-atm-to-medium-vacuum-gauge","status":"publish","type":"product","link":"https:\/\/dbm.com.vn\/en\/product\/pge300-atm-to-medium-vacuum-gauge\/","title":{"rendered":"PGE300 ATM to Medium Vacuum Gauge"},"content":{"rendered":"<p>The PGE300 offers only the critical built-in features that the majority of customers in the vacuum industry are looking for, minimizing costs and maximizing efficiency.<\/p>\n<p>This rugged gauge and sensor design, in combination with the factory built in clear readable LED display, 3 selectable analog output signals and a set point relay makes the PGE300 a high value\/low cost of ownership choice not only for OEM customers, but all customers.<\/p>\n<p>These features qualify this gauge for many applications where an economical vacuum measurement from low to high vacuum range is required.<\/p>\n<p>With its wider measuring range and higher accuracy, especially at lower pressures in combination with the economically priced built in features the PGE300 also is the first choice\u00a0 for an active gauge when replacing thermocouple gauges in your vacuum system.<\/p>\n<p>Clip PGE300:<\/p>\n<p><iframe title=\"Tr\u00ean tay \u0111\u1ea7u \u0111o ch\u00e2n kh\u00f4ng PGE300 Pirani Gauge Enhanced (INFICON)\" width=\"900\" height=\"506\" src=\"https:\/\/www.youtube.com\/embed\/IO51b2DIpI0?feature=oembed\" frameborder=\"0\" allow=\"accelerometer; autoplay; clipboard-write; encrypted-media; gyroscope; picture-in-picture\" allowfullscreen><\/iframe><\/p>\n<p>&nbsp;<\/p>\n<p>&nbsp;<\/p>\n","protected":false},"excerpt":{"rendered":"<p>The PGE300 offers only the critical built-in features that the majority of customers in the vacuum industry are looking for, minimizing costs and maximizing efficiency.<\/p>\n<p>This rugged gauge and sensor design, in combination with the factory built in clear readable LED display, 3 selectable analog output signals and a set point relay makes the PGE300 a high value\/low cost of ownership choice not only for OEM customers, but all customers.<\/p>\n<p>These features qualify this gauge for many applications where an economical vacuum measurement from low to high vacuum range is required.<\/p>\n","protected":false},"featured_media":723,"template":"","meta":[],"product_cat":[29,34],"product_tag":[567,431,592],"_links":{"self":[{"href":"https:\/\/dbm.com.vn\/en\/wp-json\/wp\/v2\/product\/1766"}],"collection":[{"href":"https:\/\/dbm.com.vn\/en\/wp-json\/wp\/v2\/product"}],"about":[{"href":"https:\/\/dbm.com.vn\/en\/wp-json\/wp\/v2\/types\/product"}],"wp:featuredmedia":[{"embeddable":true,"href":"https:\/\/dbm.com.vn\/en\/wp-json\/wp\/v2\/media\/723"}],"wp:attachment":[{"href":"https:\/\/dbm.com.vn\/en\/wp-json\/wp\/v2\/media?parent=1766"}],"wp:term":[{"taxonomy":"product_cat","embeddable":true,"href":"https:\/\/dbm.com.vn\/en\/wp-json\/wp\/v2\/product_cat?post=1766"},{"taxonomy":"product_tag","embeddable":true,"href":"https:\/\/dbm.com.vn\/en\/wp-json\/wp\/v2\/product_tag?post=1766"}],"curies":[{"name":"wp","href":"https:\/\/api.w.org\/{rel}","templated":true}]}}