{"id":1753,"date":"2021-02-24T08:31:42","date_gmt":"2021-02-24T01:31:42","guid":{"rendered":"https:\/\/dbm.com.vn\/product\/uncategorized\/mpg40x-atm-to-ultra-high-vacuum-gauge\/"},"modified":"2021-06-02T11:02:03","modified_gmt":"2021-06-02T04:02:03","slug":"mpg40x-atm-to-ultra-high-vacuum-gauge","status":"publish","type":"product","link":"https:\/\/dbm.com.vn\/en\/product\/mpg40x-atm-to-ultra-high-vacuum-gauge\/","title":{"rendered":"MPG40x ATM to Ultra-High Vacuum Gauge"},"content":{"rendered":"<p>The INFICON Inverted Magnetron Pirani Gauges, MPG400 and MPG401, measure from 5 x 10<sup>-9<\/sup>\u00a0mbar toatmosphere (3.8 x 10<sup>-9<\/sup>\u00a0Torr to atmosphere). Combining technologies into one single compact unit withone logarithmic analog out put signal significantly reduces the complexity of installation, setup andintegration.<\/p>\n<h3>ADVANTAGES<\/h3>\n<ul>\n<li>Combination gauge \u2013 Inverted Magnetron &amp; Pirani<\/li>\n<li>Wide measurement range from 5 x 10<sup>-9<\/sup>\u00a0mbar to atmosphere<\/li>\n<li>No filament to burn out<\/li>\n<li>Excellent ignition properties<\/li>\n<li>Easy to clean<\/li>\n<li>FPM or metal-sealed feedthrough<\/li>\n<li>LED indicator for high voltage on<\/li>\n<li>Logarithmic analog output signal<\/li>\n<\/ul>\n<h3>TYPICAL APPLICATIONS<\/h3>\n<ul>\n<li>High vacuum pressure monitoring<\/li>\n<li>Base pressure for evaporation and sputtering systems<\/li>\n<li>General vacuum measurement and control in the medium and high vacuum range<\/li>\n<\/ul>\n<p><iframe title=\"Tr\u00ean tay \u0110\u1ea7u \u0111o ch\u00e2n kh\u00f4ng MPG400 Inverted Magnetron Pirani Gauges (INFICON)\" width=\"900\" height=\"675\" src=\"https:\/\/www.youtube.com\/embed\/ZDo6o12g0K8?feature=oembed\" frameborder=\"0\" allow=\"accelerometer; autoplay; clipboard-write; encrypted-media; gyroscope; picture-in-picture\" allowfullscreen><\/iframe><\/p>\n","protected":false},"excerpt":{"rendered":"<p>Measuring range: 5 x 10<sup>-9<\/sup> to 1000 mbar<br \/>\nAccuracy: 30% of measured value<br \/>\nWorking temperature: 5\u2026 55oC<br \/>\nPower supply voltage: 15\u2026 30V DC<br \/>\nOutput voltage: 0\u2026 10.5 V<\/p>\n","protected":false},"featured_media":489,"template":"","meta":[],"product_cat":[29,34],"product_tag":[567,577,578,579],"_links":{"self":[{"href":"https:\/\/dbm.com.vn\/en\/wp-json\/wp\/v2\/product\/1753"}],"collection":[{"href":"https:\/\/dbm.com.vn\/en\/wp-json\/wp\/v2\/product"}],"about":[{"href":"https:\/\/dbm.com.vn\/en\/wp-json\/wp\/v2\/types\/product"}],"wp:featuredmedia":[{"embeddable":true,"href":"https:\/\/dbm.com.vn\/en\/wp-json\/wp\/v2\/media\/489"}],"wp:attachment":[{"href":"https:\/\/dbm.com.vn\/en\/wp-json\/wp\/v2\/media?parent=1753"}],"wp:term":[{"taxonomy":"product_cat","embeddable":true,"href":"https:\/\/dbm.com.vn\/en\/wp-json\/wp\/v2\/product_cat?post=1753"},{"taxonomy":"product_tag","embeddable":true,"href":"https:\/\/dbm.com.vn\/en\/wp-json\/wp\/v2\/product_tag?post=1753"}],"curies":[{"name":"wp","href":"https:\/\/api.w.org\/{rel}","templated":true}]}}