{"id":1622,"date":"2021-02-26T02:13:18","date_gmt":"2021-02-25T19:13:18","guid":{"rendered":"https:\/\/dbm.com.vn\/product\/uncategorized\/psg500-pirani-vacuum-gauge\/"},"modified":"2021-06-01T16:47:13","modified_gmt":"2021-06-01T09:47:13","slug":"psg500-pirani-vacuum-gauge","status":"publish","type":"product","link":"https:\/\/dbm.com.vn\/en\/product\/psg500-pirani-vacuum-gauge\/","title":{"rendered":"PSG500 Pirani Vacuum Gauge"},"content":{"rendered":"<ul>\n<li>1:1 compatible\u00a0to\u00a0<strong>TTR 91<\/strong>\u00a0and\u00a0<strong>TTR 96<\/strong>\u00a0Pirani\u00a0Transmitter Series<\/li>\n<li>Easy push button ATM and HV adjustment<\/li>\n<li>Space saving rugged design<\/li>\n<li>Aluminum housing<\/li>\n<li>Mounts in any orientation<\/li>\n<li>Stainless steel measuring cell with metal-sealed feedthrough<\/li>\n<li>Logarithmic signal output for easy integration<\/li>\n<li>10 bar absolute overpressure with threaded connections<\/li>\n<li>250 \u00b0C bakeable version<\/li>\n<li>Nickel filament option for corrosive applications<\/li>\n<li>Ceramic feedthrough for extremely corrosive applications (PSG510 &amp; PSG512)<\/li>\n<li>Optional setpoints<\/li>\n<li>RoHS compliance<\/li>\n<\/ul>\n<h3>TYPICAL APPLICATIONS<\/h3>\n<ul>\n<li>Controlling high vacuum ionization gauges<\/li>\n<li>Fore vacuum pressure monitoring<\/li>\n<li>Safety circuits in vacuum systems<\/li>\n<li>General vacuum measurement and control in the fine and rough vacuum range<\/li>\n<\/ul>\n<p>Actual clip about PSG500<\/p>\n<p><iframe title=\"Tr\u00ean tay \u0110\u1ea7u \u0111o ch\u00e2n kh\u00f4ng PSG500 Pirani Standard Gauge\" width=\"900\" height=\"675\" src=\"https:\/\/www.youtube.com\/embed\/f2IcAOSIwrY?feature=oembed\" frameborder=\"0\" allow=\"accelerometer; autoplay; clipboard-write; encrypted-media; gyroscope; picture-in-picture\" allowfullscreen><\/iframe><\/p>\n<p>&nbsp;<\/p>\n","protected":false},"excerpt":{"rendered":"<ul>\n<li>Controlling high vacuum ionization gauges<\/li>\n<li>Fore vacuum pressure monitoring<\/li>\n<li>Safety circuits in vacuum systems<\/li>\n<li>General vacuum measurement and control in the fine and rough vacuum range<\/li>\n<\/ul>\n","protected":false},"featured_media":660,"template":"","meta":[],"product_cat":[29,34],"product_tag":[431,922,549,548],"_links":{"self":[{"href":"https:\/\/dbm.com.vn\/en\/wp-json\/wp\/v2\/product\/1622"}],"collection":[{"href":"https:\/\/dbm.com.vn\/en\/wp-json\/wp\/v2\/product"}],"about":[{"href":"https:\/\/dbm.com.vn\/en\/wp-json\/wp\/v2\/types\/product"}],"wp:featuredmedia":[{"embeddable":true,"href":"https:\/\/dbm.com.vn\/en\/wp-json\/wp\/v2\/media\/660"}],"wp:attachment":[{"href":"https:\/\/dbm.com.vn\/en\/wp-json\/wp\/v2\/media?parent=1622"}],"wp:term":[{"taxonomy":"product_cat","embeddable":true,"href":"https:\/\/dbm.com.vn\/en\/wp-json\/wp\/v2\/product_cat?post=1622"},{"taxonomy":"product_tag","embeddable":true,"href":"https:\/\/dbm.com.vn\/en\/wp-json\/wp\/v2\/product_tag?post=1622"}],"curies":[{"name":"wp","href":"https:\/\/api.w.org\/{rel}","templated":true}]}}